{"id":2,"date":"2020-11-18T09:03:39","date_gmt":"2020-11-18T08:03:39","guid":{"rendered":"http:\/\/glasstime.pl\/blog\/?page_id=2"},"modified":"2026-02-26T06:21:24","modified_gmt":"2026-02-26T05:21:24","slug":"strona-glowna-bloga","status":"publish","type":"page","link":"https:\/\/glass24.pl\/blog\/","title":{"rendered":"Blog"},"content":{"rendered":"<section class=\"l-section wpb_row height_large with_img\"><div class=\"l-section-img\" role=\"img\" aria-label=\"blog dla szklarzy\" data-img-width=\"1903\" data-img-height=\"1245\" style=\"background-image: url(https:\/\/glass24.pl\/blog\/wp-content\/uploads\/2020\/11\/blog-dla-szklarzy.jpg);\"><\/div><div class=\"l-section-overlay\" style=\"background:rgba(241,238,233,0.55)\"><\/div><div class=\"l-section-h i-cf\"><div class=\"g-cols vc_row via_flex valign_top type_default stacking_default\"><div class=\"vc_col-sm-12 wpb_column vc_column_container has_text_color us_animate_afb\" style=\"animation-delay:1s\"><div class=\"vc_column-inner us_custom_ae99f6aa\"><div class=\"wpb_wrapper\"><div class=\"wpb_text_column\"><div class=\"wpb_wrapper\"><h1 class=\"mb-2\">Blog dla szklarzy i nie tylko<\/h1>\n<\/div><\/div><div class=\"wpb_text_column\"><div class=\"wpb_wrapper\"><p class=\"lead\">Praktyczny poradnik dla u\u017cytkownik\u00f3w narz\u0119dzi oraz akcesori\u00f3w do szk\u0142a ze sklepu Glass24.pl<br \/>\nOdkryj narz\u0119dziowe sekrety!<\/p>\n<\/div><\/div><nav class=\"g-breadcrumbs separator_icon align_none\" itemscope itemtype=\"http:\/\/schema.org\/BreadcrumbList\"><div class=\"g-breadcrumbs-item\" itemscope itemprop=\"itemListElement\" itemtype=\"http:\/\/schema.org\/ListItem\"><a itemprop=\"item\" href=\"https:\/\/glass24.pl\/blog\/\"><span itemprop=\"name\">Glass24.pl<\/span><\/a><meta itemprop=\"position\" content=\"1\"\/><\/div><div class=\"g-breadcrumbs-separator\"><i class=\"far fa-angle-right\"><\/i><\/div><div class=\"g-breadcrumbs-item\">Strony<\/div><\/nav><\/div><\/div><\/div><\/div><\/div><\/section><section class=\"l-section wpb_row height_small\"><div class=\"l-section-h i-cf\"><div class=\"g-cols vc_row via_flex valign_middle type_default stacking_default\"><div class=\"vc_col-sm-12 wpb_column vc_column_container has_text_color\"><div class=\"vc_column-inner us_custom_95ebd667\"><div class=\"wpb_wrapper\"><div class=\"w-grid us_grid type_masonry layout_blog_11 cols_2 pagination_regular preload_style_spinner with_isotope\" id=\"us_grid_1\" style=\"--columns:2;--gap:1.5rem;\" data-filterable=\"true\"><style>@media (max-width:600px){#us_grid_1{--columns:1!important}}.layout_blog_11 .w-grid-item-h{}.layout_blog_11 .usg_post_title_1{font-size:1.4rem!important;font-weight:700!important;margin-bottom:0.5rem!important}.layout_blog_11 .usg_hwrapper_1{color:var(--color-content-faded)!important;font-size:0.9rem!important}.layout_blog_11 .usg_post_taxonomy_1{font-weight:700!important;text-transform:uppercase!important}.layout_blog_11 .usg_post_image_1{margin-top:0.7rem!important}.layout_blog_11 .usg_post_content_1{max-width:600px!important;margin-top:0.8rem!important}@media (max-width:600px){.layout_blog_11 .usg_post_title_1{font-size:1.2rem!important}}<\/style><div class=\"w-grid-list\">\t<article class=\"w-grid-item size_1x1 post-2128 post type-post status-publish format-standard has-post-thumbnail hentry category-porady-szklarskie\" data-id=\"2128\">\r\n\t\t<div class=\"w-grid-item-h\">\r\n\t\t\t\t\t\t<h2 class=\"w-post-elm post_title usg_post_title_1 entry-title color_link_inherit\"><a href=\"https:\/\/glass24.pl\/blog\/szkla-hartowane-poradnik-szklarz\/\">Szk\u0142a hartowane \u2014 praktyczny poradnik dla szklarza<\/a><\/h2><div class=\"w-hwrapper usg_hwrapper_1 has_text_color align_none valign_top wrap\" style=\"--hwrapper-gap:1.2rem\"><div class=\"w-post-elm post_taxonomy usg_post_taxonomy_1 style_simple\"><a class=\"term-1 term-porady-szklarskie\" href=\"https:\/\/glass24.pl\/blog\/porady-szklarskie\/\">Blog<\/a><\/div><time class=\"w-post-elm post_date usg_post_date_1 entry-date published\" datetime=\"2026-02-23T20:32:57+01:00\" title=\"23 lutego 2026 o 20:32:57 Europe\/Warsaw\">2 miesi\u0105ce temu<\/time><\/div><div class=\"w-post-elm post_image usg_post_image_1 stretched\"><a href=\"https:\/\/glass24.pl\/blog\/szkla-hartowane-poradnik-szklarz\/\" aria-label=\"Szk\u0142a hartowane \u2014 praktyczny poradnik dla szklarza\"><img loading=\"lazy\" decoding=\"async\" width=\"1024\" height=\"683\" src=\"https:\/\/glass24.pl\/blog\/wp-content\/uploads\/2026\/02\/szkla-hartowane-poradnik-glass24.webp\" class=\"attachment-large size-large wp-post-image\" alt=\"szkla hartowane poradnik glass24\" \/><\/a><\/div><div class=\"w-post-elm post_content usg_post_content_1\">Szk\u0142o hartowane to jeden z najwa\u017cniejszych materia\u0142\u00f3w w codziennej pracy szklarza. Stosujemy je wsz\u0119dzie tam, gdzie liczy si\u0119 bezpiecze\u0144stwo, wytrzyma\u0142o\u015b\u0107 mechaniczna i odporno\u015b\u0107 na nag\u0142e zmiany temperatury. Drzwi wej\u015bciowe, kabiny&hellip;<\/div>\t\t<\/div>\r\n\t\t\t<\/article>\r\n\t<article class=\"w-grid-item size_1x1 post-2127 post type-post status-publish format-standard has-post-thumbnail hentry category-porady-szklarskie\" data-id=\"2127\">\r\n\t\t<div class=\"w-grid-item-h\">\r\n\t\t\t\t\t\t<h2 class=\"w-post-elm post_title usg_post_title_1 entry-title color_link_inherit\"><a href=\"https:\/\/glass24.pl\/blog\/firma-szklarska-2026-ksef-skladka-zdrowotna\/\">Firma szklarska w 2026: KSeF i sk\u0142adka zdrowotna \u2014 co musisz wiedzie\u0107<\/a><\/h2><div class=\"w-hwrapper usg_hwrapper_1 has_text_color align_none valign_top wrap\" style=\"--hwrapper-gap:1.2rem\"><div class=\"w-post-elm post_taxonomy usg_post_taxonomy_1 style_simple\"><a class=\"term-1 term-porady-szklarskie\" href=\"https:\/\/glass24.pl\/blog\/porady-szklarskie\/\">Blog<\/a><\/div><time class=\"w-post-elm post_date usg_post_date_1 entry-date published\" datetime=\"2026-02-23T18:36:47+01:00\" title=\"23 lutego 2026 o 18:36:47 Europe\/Warsaw\">2 miesi\u0105ce temu<\/time><\/div><div class=\"w-post-elm post_image usg_post_image_1 stretched\"><a href=\"https:\/\/glass24.pl\/blog\/firma-szklarska-2026-ksef-skladka-zdrowotna\/\" aria-label=\"Firma szklarska w 2026: KSeF i sk\u0142adka zdrowotna \u2014 co musisz wiedzie\u0107\"><img loading=\"lazy\" decoding=\"async\" width=\"1024\" height=\"683\" src=\"https:\/\/glass24.pl\/blog\/wp-content\/uploads\/2026\/02\/firma-szklarska-ksef-2026.webp\" class=\"attachment-large size-large wp-post-image\" alt=\"Szklarz prowadz\u0105cy firm\u0119 - KSeF i sk\u0142adka zdrowotna 2026\" \/><\/a><\/div><div class=\"w-post-elm post_content usg_post_content_1\">Od 1 kwietnia 2026 roku ka\u017cdy przedsi\u0119biorca w Polsce \u2014 w tym szklarz prowadz\u0105cy jednoosobow\u0105 dzia\u0142alno\u015b\u0107 \u2014 musi wystawia\u0107 faktury przez KSeF. A od lutego sk\u0142adka zdrowotna wzros\u0142a o 37%.&hellip;<\/div>\t\t<\/div>\r\n\t\t\t<\/article>\r\n\t<article class=\"w-grid-item size_1x1 post-2115 post type-post status-publish format-standard has-post-thumbnail hentry category-porady-szklarskie\" data-id=\"2115\">\r\n\t\t<div class=\"w-grid-item-h\">\r\n\t\t\t\t\t\t<h2 class=\"w-post-elm post_title usg_post_title_1 entry-title color_link_inherit\"><a href=\"https:\/\/glass24.pl\/blog\/przyssawki-do-szyb-kompletny-przewodnik\/\">Przyssawki do szyb \u2014 kompletny przewodnik dla szklarzy<\/a><\/h2><div class=\"w-hwrapper usg_hwrapper_1 has_text_color align_none valign_top wrap\" style=\"--hwrapper-gap:1.2rem\"><div class=\"w-post-elm post_taxonomy usg_post_taxonomy_1 style_simple\"><a class=\"term-1 term-porady-szklarskie\" href=\"https:\/\/glass24.pl\/blog\/porady-szklarskie\/\">Blog<\/a><\/div><time class=\"w-post-elm post_date usg_post_date_1 entry-date published\" datetime=\"2026-02-23T09:41:10+01:00\" title=\"23 lutego 2026 o 09:41:10 Europe\/Warsaw\">2 miesi\u0105ce temu<\/time><\/div><div class=\"w-post-elm post_image usg_post_image_1 stretched\"><a href=\"https:\/\/glass24.pl\/blog\/przyssawki-do-szyb-kompletny-przewodnik\/\" aria-label=\"Przyssawki do szyb \u2014 kompletny przewodnik dla szklarzy\"><img loading=\"lazy\" decoding=\"async\" width=\"1024\" height=\"683\" src=\"https:\/\/glass24.pl\/blog\/wp-content\/uploads\/2026\/02\/przyssawki-do-szyb-przewodnik-glass24-v2.webp\" class=\"attachment-large size-large wp-post-image\" alt=\"przyssawki do szyb kompletny przewodnik glass24\" \/><\/a><\/div><div class=\"w-post-elm post_content usg_post_content_1\">Przyssawki do szyb \u2014 kompletny przewodnik dla szklarzy Przyssawki do szyb to jedno z najwa\u017cniejszych narz\u0119dzi w codziennej pracy szklarza. Od prostego transportu pojedynczej tafli po monta\u017c wielkoformatowych pakiet\u00f3w szybowych&hellip;<\/div>\t\t<\/div>\r\n\t\t\t<\/article>\r\n\t<article class=\"w-grid-item size_1x1 post-2062 post type-post status-publish format-standard has-post-thumbnail hentry category-porady-szklarskie\" data-id=\"2062\">\r\n\t\t<div class=\"w-grid-item-h\">\r\n\t\t\t\t\t\t<h2 class=\"w-post-elm post_title usg_post_title_1 entry-title color_link_inherit\"><a href=\"https:\/\/glass24.pl\/blog\/jak-powstaje-szklo-ktore-pozwala-patrzec-w-gwiazdy\/\">Jak powstaje szk\u0142o, kt\u00f3re pozwala patrze\u0107 w gwiazdy? Tajemnice fabryki Ohara<\/a><\/h2><div class=\"w-hwrapper usg_hwrapper_1 has_text_color align_none valign_top wrap\" style=\"--hwrapper-gap:1.2rem\"><div class=\"w-post-elm post_taxonomy usg_post_taxonomy_1 style_simple\"><a class=\"term-1 term-porady-szklarskie\" href=\"https:\/\/glass24.pl\/blog\/porady-szklarskie\/\">Blog<\/a><\/div><time class=\"w-post-elm post_date usg_post_date_1 entry-date published\" datetime=\"2025-11-11T20:27:45+01:00\" title=\"11 listopada 2025 o 20:27:45 Europe\/Warsaw\">5 miesi\u0119cy temu<\/time><\/div><div class=\"w-post-elm post_image usg_post_image_1 stretched\"><a href=\"https:\/\/glass24.pl\/blog\/jak-powstaje-szklo-ktore-pozwala-patrzec-w-gwiazdy\/\" aria-label=\"Jak powstaje szk\u0142o, kt\u00f3re pozwala patrze\u0107 w gwiazdy? Tajemnice fabryki Ohara\"><img loading=\"lazy\" decoding=\"async\" width=\"884\" height=\"663\" src=\"https:\/\/glass24.pl\/blog\/wp-content\/uploads\/2025\/11\/frabryka-szkla-Ohara.webp\" class=\"attachment-large size-large wp-post-image\" alt=\"frabryka-szkla-Ohara\" \/><\/a><\/div><div class=\"w-post-elm post_content usg_post_content_1\">Wyobra\u017a sobie miejsce, gdzie szk\u0142o optyczne Ohara powstaje z niezwyk\u0142\u0105 precyzj\u0105. W tej japo\u0144skiej fabryce szk\u0142a, ju\u017c od ponad 80 lat, trwa proces, kt\u00f3ry przekszta\u0142ca tysi\u0105ce kilogram\u00f3w piasku, boraksu i&hellip;<\/div>\t\t<\/div>\r\n\t\t\t<\/article>\r\n\t<article class=\"w-grid-item size_1x1 post-2046 post type-post status-publish format-standard has-post-thumbnail hentry category-porady-szklarskie\" data-id=\"2046\">\r\n\t\t<div class=\"w-grid-item-h\">\r\n\t\t\t\t\t\t<h2 class=\"w-post-elm post_title usg_post_title_1 entry-title color_link_inherit\"><a href=\"https:\/\/glass24.pl\/blog\/jak-przykleic-przyssawke-do-szyby-by-trzymala-mocno-i-nie-odpadala\/\">Jak przyklei\u0107 przyssawk\u0119 do szyby, by trzyma\u0142a mocno i nie odpada\u0142a?<\/a><\/h2><div class=\"w-hwrapper usg_hwrapper_1 has_text_color align_none valign_top wrap\" style=\"--hwrapper-gap:1.2rem\"><div class=\"w-post-elm post_taxonomy usg_post_taxonomy_1 style_simple\"><a class=\"term-1 term-porady-szklarskie\" href=\"https:\/\/glass24.pl\/blog\/porady-szklarskie\/\">Blog<\/a><\/div><time class=\"w-post-elm post_date usg_post_date_1 entry-date published\" datetime=\"2025-10-06T20:42:51+02:00\" title=\"6 pa\u017adziernika 2025 o 20:42:51 Europe\/Warsaw\">7 miesi\u0119cy temu<\/time><\/div><div class=\"w-post-elm post_image usg_post_image_1 stretched\"><a href=\"https:\/\/glass24.pl\/blog\/jak-przykleic-przyssawke-do-szyby-by-trzymala-mocno-i-nie-odpadala\/\" aria-label=\"Jak przyklei\u0107 przyssawk\u0119 do szyby, by trzyma\u0142a mocno i nie odpada\u0142a?\"><img loading=\"lazy\" decoding=\"async\" width=\"1024\" height=\"768\" src=\"https:\/\/glass24.pl\/blog\/wp-content\/uploads\/2025\/10\/przyssawki-do-szyb-1024x768.webp\" class=\"attachment-large size-large wp-post-image\" alt=\"ak przyklei\u0107 przyssawk\u0119 do szyby \u2013 przyk\u0142ad monta\u017cu przyssawki do szk\u0142a\" srcset=\"https:\/\/glass24.pl\/blog\/wp-content\/uploads\/2025\/10\/przyssawki-do-szyb-1024x768.webp 1024w, https:\/\/glass24.pl\/blog\/wp-content\/uploads\/2025\/10\/przyssawki-do-szyb-300x225.webp 300w, https:\/\/glass24.pl\/blog\/wp-content\/uploads\/2025\/10\/przyssawki-do-szyb.webp 1920w\" sizes=\"auto, (max-width: 1024px) 100vw, 1024px\" \/><\/a><\/div><div class=\"w-post-elm post_content usg_post_content_1\">Jak przyklei\u0107 przyssawk\u0119 do szyby, aby trzyma\u0142a mocno i nie odpada\u0142a? To pytanie zadaje sobie ka\u017cdy, kto pracuje ze szk\u0142em lub montuje elementy z wykorzystaniem przyssawek. Pewny chwyt jest kluczowy&hellip;<\/div>\t\t<\/div>\r\n\t\t\t<\/article>\r\n\t<article class=\"w-grid-item size_1x1 post-1492 post type-post status-publish format-standard has-post-thumbnail hentry category-porady-szklarskie\" data-id=\"1492\">\r\n\t\t<div class=\"w-grid-item-h\">\r\n\t\t\t\t\t\t<h2 class=\"w-post-elm post_title usg_post_title_1 entry-title color_link_inherit\"><a href=\"https:\/\/glass24.pl\/blog\/izolacja-akustyczna-efektywne-rozwiazania-dla-wszelkich-przestrzeni\/\">Izolacja akustyczna &#8211; efektywne rozwi\u0105zania dla wszelkich przestrzeni<\/a><\/h2><div class=\"w-hwrapper usg_hwrapper_1 has_text_color align_none valign_top wrap\" style=\"--hwrapper-gap:1.2rem\"><div class=\"w-post-elm post_taxonomy usg_post_taxonomy_1 style_simple\"><a class=\"term-1 term-porady-szklarskie\" href=\"https:\/\/glass24.pl\/blog\/porady-szklarskie\/\">Blog<\/a><\/div><time class=\"w-post-elm post_date usg_post_date_1 entry-date published\" datetime=\"2024-01-11T08:17:02+01:00\" title=\"11 stycznia 2024 o 08:17:02 Europe\/Warsaw\">2 lata temu<\/time><\/div><div class=\"w-post-elm post_image usg_post_image_1 stretched\"><a href=\"https:\/\/glass24.pl\/blog\/izolacja-akustyczna-efektywne-rozwiazania-dla-wszelkich-przestrzeni\/\" aria-label=\"Izolacja akustyczna &#8211; efektywne rozwi\u0105zania dla wszelkich przestrzeni\"><img loading=\"lazy\" decoding=\"async\" width=\"640\" height=\"427\" src=\"https:\/\/glass24.pl\/blog\/wp-content\/uploads\/2024\/01\/izolacja-akustyczna-w-biurze.webp\" class=\"attachment-large size-large wp-post-image\" alt=\"izolacja akustyczna w biurach\" \/><\/a><\/div><div class=\"w-post-elm post_content usg_post_content_1\">Przegrody szklane, kt\u00f3re s\u0105 nieodzownym elementem nowoczesnych przestrzeni biurowych, wymagaj\u0105 od szklarzy nie tylko umiej\u0119tno\u015bci technicznych, ale tak\u017ce zrozumienia zasad akustyki. Profesjonalna realizacja projekt\u00f3w szklanych przegr\u00f3d ma kluczowe znaczenie dla&hellip;<\/div>\t\t<\/div>\r\n\t\t\t<\/article>\r\n<\/div>\t<div class=\"w-grid-preloader\">\r\n\t\t<div class=\"g-preloader type_1\">\r\n\t\t\t<div><\/div>\r\n\t\t<\/div>\r\n\t<\/div>\r\n\t\t\t\t<nav class=\"pagination navigation\" role=\"navigation\">\r\n\t\t\t\t<div class=\"nav-links\">\r\n\t\t\t\t\t<span aria-current=\"page\" class=\"page-numbers current\"><span>1<\/span><\/span>\n<a class=\"page-numbers\" href=\"https:\/\/glass24.pl\/blog\/wp-json\/wp\/v2\/pages\/2\/page\/2\/\"><span>2<\/span><\/a>\n<a class=\"page-numbers\" href=\"https:\/\/glass24.pl\/blog\/wp-json\/wp\/v2\/pages\/2\/page\/3\/\"><span>3<\/span><\/a>\n<a class=\"page-numbers\" href=\"https:\/\/glass24.pl\/blog\/wp-json\/wp\/v2\/pages\/2\/page\/4\/\"><span>4<\/span><\/a>\n<span class=\"page-numbers dots\">&hellip;<\/span>\n<a class=\"page-numbers\" href=\"https:\/\/glass24.pl\/blog\/wp-json\/wp\/v2\/pages\/2\/page\/6\/\"><span>6<\/span><\/a>\n<a class=\"next page-numbers\" href=\"https:\/\/glass24.pl\/blog\/wp-json\/wp\/v2\/pages\/2\/page\/2\/\"><span>Nast\u0119pny<\/span><\/a>\t\t\t\t<\/div>\r\n\t\t\t<\/nav>\r\n\t\t\t\t<div class=\"w-grid-json hidden\" onclick='return {&quot;action&quot;:&quot;us_ajax_grid&quot;,&quot;infinite_scroll&quot;:0,&quot;max_num_pages&quot;:6,&quot;pagination&quot;:&quot;regular&quot;,&quot;template_vars&quot;:{&quot;columns&quot;:&quot;2&quot;,&quot;exclude_items&quot;:&quot;none&quot;,&quot;img_size&quot;:&quot;default&quot;,&quot;ignore_items_size&quot;:0,&quot;items_layout&quot;:&quot;blog_11&quot;,&quot;items_offset&quot;:&quot;1&quot;,&quot;load_animation&quot;:&quot;none&quot;,&quot;overriding_link&quot;:&quot;{\\&quot;url\\&quot;:\\&quot;\\&quot;}&quot;,&quot;post_id&quot;:0,&quot;query_args&quot;:{&quot;post_type&quot;:[&quot;post&quot;],&quot;tax_query&quot;:[{&quot;taxonomy&quot;:&quot;category&quot;,&quot;field&quot;:&quot;slug&quot;,&quot;terms&quot;:[&quot;porady-szklarskie&quot;,&quot;news&quot;]}],&quot;post_status&quot;:[&quot;publish&quot;],&quot;posts_per_page&quot;:&quot;6&quot;},&quot;orderby_query_args&quot;:{&quot;orderby&quot;:{&quot;date&quot;:&quot;DESC&quot;}},&quot;type&quot;:&quot;masonry&quot;,&quot;us_grid_post_type&quot;:&quot;post&quot;,&quot;us_grid_ajax_index&quot;:1,&quot;us_grid_filter_query_string&quot;:null,&quot;us_grid_index&quot;:1,&quot;page_args&quot;:[]}}'><\/div>\r\n\t<\/div><\/div><\/div><\/div><\/div><\/div><\/section>\n","protected":false},"excerpt":{"rendered":"Przegrody szklane, kt\u00f3re s\u0105 nieodzownym elementem nowoczesnych przestrzeni biurowych, wymagaj\u0105 od szklarzy nie tylko umiej\u0119tno\u015bci technicznych, ale tak\u017ce zrozumienia zasad akustyki. Profesjonalna realizacja projekt\u00f3w szklanych przegr\u00f3d ma kluczowe znaczenie dla zapewnienia komfortu akustycznego w biurach. Wasza rola przek\u0142ada si\u0119 na tworzenie przestrzeni pracy, kt\u00f3re s\u0105 zar\u00f3wno estetycznie atrakcyjne, jak i funkcjonalne z punktu widzenia akustyki....","protected":false},"author":1,"featured_media":0,"parent":0,"menu_order":0,"comment_status":"closed","ping_status":"open","template":"","meta":{"footnotes":""},"class_list":["post-2","page","type-page","status-publish","hentry"],"yoast_head":"<!-- This site is optimized with the Yoast SEO Premium plugin v27.4 (Yoast SEO v27.4) - https:\/\/yoast.com\/product\/yoast-seo-premium-wordpress\/ -->\n<title>Porady dla szklarzy i nie tylko. Skorzystaj z naszej wiedzy.<\/title>\n<meta name=\"description\" content=\"Praktyczny poradnik dla eksplorator\u00f3w narz\u0119dzi oraz akcesori\u00f3w do szk\u0142a. Sprawd\u017a, co trzeba wiedzie\u0107, aby efektywnie wykorzysta\u0107 te rzeczy!\" \/>\n<meta name=\"robots\" content=\"index, follow, max-snippet:-1, max-image-preview:large, max-video-preview:-1\" \/>\n<link rel=\"canonical\" href=\"https:\/\/glass24.pl\/blog\/\" \/>\n<meta property=\"og:locale\" content=\"pl_PL\" \/>\n<meta property=\"og:type\" content=\"article\" \/>\n<meta property=\"og:title\" content=\"Blog\" \/>\n<meta property=\"og:description\" content=\"Praktyczny poradnik dla eksplorator\u00f3w narz\u0119dzi oraz akcesori\u00f3w do szk\u0142a. Sprawd\u017a, co trzeba wiedzie\u0107, aby efektywnie wykorzysta\u0107 te rzeczy!\" \/>\n<meta property=\"og:url\" content=\"https:\/\/glass24.pl\/blog\/\" \/>\n<meta property=\"og:site_name\" content=\"Glass24.pl - porady dla szklarzy\" \/>\n<meta property=\"article:modified_time\" content=\"2026-02-26T05:21:24+00:00\" \/>\n<meta name=\"twitter:card\" content=\"summary_large_image\" \/>\n<meta name=\"twitter:label1\" content=\"Szacowany czas czytania\" \/>\n\t<meta name=\"twitter:data1\" content=\"1 minuta\" \/>\n<script type=\"application\/ld+json\" class=\"yoast-schema-graph\">{\"@context\":\"https:\\\/\\\/schema.org\",\"@graph\":[{\"@type\":\"WebPage\",\"@id\":\"https:\\\/\\\/glass24.pl\\\/blog\\\/\",\"url\":\"https:\\\/\\\/glass24.pl\\\/blog\\\/\",\"name\":\"Porady dla szklarzy i nie tylko. Skorzystaj z naszej wiedzy.\",\"isPartOf\":{\"@id\":\"https:\\\/\\\/glass24.pl\\\/blog\\\/#website\"},\"datePublished\":\"2020-11-18T08:03:39+00:00\",\"dateModified\":\"2026-02-26T05:21:24+00:00\",\"description\":\"Praktyczny poradnik dla eksplorator\u00f3w narz\u0119dzi oraz akcesori\u00f3w do szk\u0142a. Sprawd\u017a, co trzeba wiedzie\u0107, aby efektywnie wykorzysta\u0107 te rzeczy!\",\"breadcrumb\":{\"@id\":\"https:\\\/\\\/glass24.pl\\\/blog\\\/#breadcrumb\"},\"inLanguage\":\"pl-PL\",\"potentialAction\":[{\"@type\":\"ReadAction\",\"target\":[\"https:\\\/\\\/glass24.pl\\\/blog\\\/\"]}]},{\"@type\":\"BreadcrumbList\",\"@id\":\"https:\\\/\\\/glass24.pl\\\/blog\\\/#breadcrumb\",\"itemListElement\":[{\"@type\":\"ListItem\",\"position\":1,\"name\":\"Strona g\u0142\u00f3wna\",\"item\":\"https:\\\/\\\/glass24.pl\\\/blog\\\/\"},{\"@type\":\"ListItem\",\"position\":2,\"name\":\"Blog\"}]},{\"@type\":\"WebSite\",\"@id\":\"https:\\\/\\\/glass24.pl\\\/blog\\\/#website\",\"url\":\"https:\\\/\\\/glass24.pl\\\/blog\\\/\",\"name\":\"Glass24.pl - porady dla szklarzy\",\"description\":\"\",\"potentialAction\":[{\"@type\":\"SearchAction\",\"target\":{\"@type\":\"EntryPoint\",\"urlTemplate\":\"https:\\\/\\\/glass24.pl\\\/blog\\\/?s={search_term_string}\"},\"query-input\":{\"@type\":\"PropertyValueSpecification\",\"valueRequired\":true,\"valueName\":\"search_term_string\"}}],\"inLanguage\":\"pl-PL\"}]}<\/script>\n<!-- \/ Yoast SEO Premium plugin. -->","yoast_head_json":{"title":"Porady dla szklarzy i nie tylko. Skorzystaj z naszej wiedzy.","description":"Praktyczny poradnik dla eksplorator\u00f3w narz\u0119dzi oraz akcesori\u00f3w do szk\u0142a. Sprawd\u017a, co trzeba wiedzie\u0107, aby efektywnie wykorzysta\u0107 te rzeczy!","robots":{"index":"index","follow":"follow","max-snippet":"max-snippet:-1","max-image-preview":"max-image-preview:large","max-video-preview":"max-video-preview:-1"},"canonical":"https:\/\/glass24.pl\/blog\/","og_locale":"pl_PL","og_type":"article","og_title":"Blog","og_description":"Praktyczny poradnik dla eksplorator\u00f3w narz\u0119dzi oraz akcesori\u00f3w do szk\u0142a. Sprawd\u017a, co trzeba wiedzie\u0107, aby efektywnie wykorzysta\u0107 te rzeczy!","og_url":"https:\/\/glass24.pl\/blog\/","og_site_name":"Glass24.pl - porady dla szklarzy","article_modified_time":"2026-02-26T05:21:24+00:00","twitter_card":"summary_large_image","twitter_misc":{"Szacowany czas czytania":"1 minuta"},"schema":{"@context":"https:\/\/schema.org","@graph":[{"@type":"WebPage","@id":"https:\/\/glass24.pl\/blog\/","url":"https:\/\/glass24.pl\/blog\/","name":"Porady dla szklarzy i nie tylko. Skorzystaj z naszej wiedzy.","isPartOf":{"@id":"https:\/\/glass24.pl\/blog\/#website"},"datePublished":"2020-11-18T08:03:39+00:00","dateModified":"2026-02-26T05:21:24+00:00","description":"Praktyczny poradnik dla eksplorator\u00f3w narz\u0119dzi oraz akcesori\u00f3w do szk\u0142a. Sprawd\u017a, co trzeba wiedzie\u0107, aby efektywnie wykorzysta\u0107 te rzeczy!","breadcrumb":{"@id":"https:\/\/glass24.pl\/blog\/#breadcrumb"},"inLanguage":"pl-PL","potentialAction":[{"@type":"ReadAction","target":["https:\/\/glass24.pl\/blog\/"]}]},{"@type":"BreadcrumbList","@id":"https:\/\/glass24.pl\/blog\/#breadcrumb","itemListElement":[{"@type":"ListItem","position":1,"name":"Strona g\u0142\u00f3wna","item":"https:\/\/glass24.pl\/blog\/"},{"@type":"ListItem","position":2,"name":"Blog"}]},{"@type":"WebSite","@id":"https:\/\/glass24.pl\/blog\/#website","url":"https:\/\/glass24.pl\/blog\/","name":"Glass24.pl - porady dla szklarzy","description":"","potentialAction":[{"@type":"SearchAction","target":{"@type":"EntryPoint","urlTemplate":"https:\/\/glass24.pl\/blog\/?s={search_term_string}"},"query-input":{"@type":"PropertyValueSpecification","valueRequired":true,"valueName":"search_term_string"}}],"inLanguage":"pl-PL"}]}},"_links":{"self":[{"href":"https:\/\/glass24.pl\/blog\/wp-json\/wp\/v2\/pages\/2","targetHints":{"allow":["GET"]}}],"collection":[{"href":"https:\/\/glass24.pl\/blog\/wp-json\/wp\/v2\/pages"}],"about":[{"href":"https:\/\/glass24.pl\/blog\/wp-json\/wp\/v2\/types\/page"}],"author":[{"embeddable":true,"href":"https:\/\/glass24.pl\/blog\/wp-json\/wp\/v2\/users\/1"}],"replies":[{"embeddable":true,"href":"https:\/\/glass24.pl\/blog\/wp-json\/wp\/v2\/comments?post=2"}],"version-history":[{"count":1,"href":"https:\/\/glass24.pl\/blog\/wp-json\/wp\/v2\/pages\/2\/revisions"}],"predecessor-version":[{"id":2182,"href":"https:\/\/glass24.pl\/blog\/wp-json\/wp\/v2\/pages\/2\/revisions\/2182"}],"wp:attachment":[{"href":"https:\/\/glass24.pl\/blog\/wp-json\/wp\/v2\/media?parent=2"}],"curies":[{"name":"wp","href":"https:\/\/api.w.org\/{rel}","templated":true}]}}